{"id":13758,"date":"2025-03-28T11:57:00","date_gmt":"2025-03-28T08:57:00","guid":{"rendered":"https:\/\/ticino-piese-auto.ro\/?post_type=product&#038;p=13758"},"modified":"2025-04-23T14:34:15","modified_gmt":"2025-04-23T11:34:15","slug":"sticla-oglinda-dreapta-ford-transit-2014-2019","status":"publish","type":"product","link":"https:\/\/ticino-piese-auto.ro\/?product=sticla-oglinda-dreapta-ford-transit-2014-2019","title":{"rendered":"STICL\u0102 OGLIND\u0102 DREAPTA FORD TRANSIT 2014 &#8211; 2019"},"content":{"rendered":"<p>STICL\u0102 OGLIND\u0102 DREAPTA FORD TRANSIT 2014 &#8211; 2019<\/p>\n<p>Cod produs ET76-17K740-BA<\/p>\n<p>Produs sh original<\/p>\n","protected":false},"excerpt":{"rendered":"<p>STICL\u0102 OGLIND\u0102 DREAPTA FORD TRANSIT 2014 &#8211; 2019 Cod produs ET76-17K740-BA Produs sh original<\/p>\n","protected":false},"featured_media":13767,"template":"","meta":[],"product_cat":[224],"product_tag":[],"class_list":{"0":"post-13758","1":"product","2":"type-product","3":"status-publish","4":"has-post-thumbnail","6":"product_brand-ford","7":"product_cat-oglinzi","9":"first","10":"instock","11":"sale","12":"sold-individually","13":"taxable","14":"shipping-taxable","15":"purchasable","16":"product-type-simple"},"_links":{"self":[{"href":"https:\/\/ticino-piese-auto.ro\/index.php?rest_route=\/wp\/v2\/product\/13758","targetHints":{"allow":["GET"]}}],"collection":[{"href":"https:\/\/ticino-piese-auto.ro\/index.php?rest_route=\/wp\/v2\/product"}],"about":[{"href":"https:\/\/ticino-piese-auto.ro\/index.php?rest_route=\/wp\/v2\/types\/product"}],"wp:featuredmedia":[{"embeddable":true,"href":"https:\/\/ticino-piese-auto.ro\/index.php?rest_route=\/wp\/v2\/media\/13767"}],"wp:attachment":[{"href":"https:\/\/ticino-piese-auto.ro\/index.php?rest_route=%2Fwp%2Fv2%2Fmedia&parent=13758"}],"wp:term":[{"taxonomy":"product_cat","embeddable":true,"href":"https:\/\/ticino-piese-auto.ro\/index.php?rest_route=%2Fwp%2Fv2%2Fproduct_cat&post=13758"},{"taxonomy":"product_tag","embeddable":true,"href":"https:\/\/ticino-piese-auto.ro\/index.php?rest_route=%2Fwp%2Fv2%2Fproduct_tag&post=13758"}],"curies":[{"name":"wp","href":"https:\/\/api.w.org\/{rel}","templated":true}]}}