{"id":13611,"date":"2025-03-14T15:18:33","date_gmt":"2025-03-14T12:18:33","guid":{"rendered":"https:\/\/ticino-piese-auto.ro\/?post_type=product&#038;p=13611"},"modified":"2025-04-23T14:34:00","modified_gmt":"2025-04-23T11:34:00","slug":"oglinda-exterioara-dreapta-incalzita-originala-bmw-f20","status":"publish","type":"product","link":"https:\/\/ticino-piese-auto.ro\/?product=oglinda-exterioara-dreapta-incalzita-originala-bmw-f20","title":{"rendered":"Oglind\u0103 exterioar\u0103 dreapta \u00eenc\u0103lzit\u0103 original\u0103 BMW F20"},"content":{"rendered":"<p>Oglind\u0103 exterioar\u0103 dreapta \u00eenc\u0103lzit\u0103 original\u0103 BMW F20<\/p>\n<p>Cod produs: 51.16-7459048-06<\/p>\n<p>Produs nou, original<\/p>\n","protected":false},"excerpt":{"rendered":"<p>Oglind\u0103 exterioar\u0103 dreapta \u00eenc\u0103lzit\u0103 original\u0103 BMW F20 Cod produs: 51.16-7459048-06 Produs nou, original<\/p>\n","protected":false},"featured_media":13613,"template":"","meta":[],"product_cat":[224],"product_tag":[],"class_list":{"0":"post-13611","1":"product","2":"type-product","3":"status-publish","4":"has-post-thumbnail","6":"product_brand-bmw","7":"product_cat-oglinzi","9":"first","10":"instock","11":"sale","12":"sold-individually","13":"taxable","14":"shipping-taxable","15":"purchasable","16":"product-type-simple"},"_links":{"self":[{"href":"https:\/\/ticino-piese-auto.ro\/index.php?rest_route=\/wp\/v2\/product\/13611","targetHints":{"allow":["GET"]}}],"collection":[{"href":"https:\/\/ticino-piese-auto.ro\/index.php?rest_route=\/wp\/v2\/product"}],"about":[{"href":"https:\/\/ticino-piese-auto.ro\/index.php?rest_route=\/wp\/v2\/types\/product"}],"wp:featuredmedia":[{"embeddable":true,"href":"https:\/\/ticino-piese-auto.ro\/index.php?rest_route=\/wp\/v2\/media\/13613"}],"wp:attachment":[{"href":"https:\/\/ticino-piese-auto.ro\/index.php?rest_route=%2Fwp%2Fv2%2Fmedia&parent=13611"}],"wp:term":[{"taxonomy":"product_cat","embeddable":true,"href":"https:\/\/ticino-piese-auto.ro\/index.php?rest_route=%2Fwp%2Fv2%2Fproduct_cat&post=13611"},{"taxonomy":"product_tag","embeddable":true,"href":"https:\/\/ticino-piese-auto.ro\/index.php?rest_route=%2Fwp%2Fv2%2Fproduct_tag&post=13611"}],"curies":[{"name":"wp","href":"https:\/\/api.w.org\/{rel}","templated":true}]}}