{"id":13266,"date":"2025-02-13T15:03:59","date_gmt":"2025-02-13T12:03:59","guid":{"rendered":"https:\/\/ticino-piese-auto.ro\/?post_type=product&#038;p=13266"},"modified":"2025-04-23T14:33:38","modified_gmt":"2025-04-23T11:33:38","slug":"turnura-sfert-spate-stanga-range-rover-sport-2014-2022","status":"publish","type":"product","link":"https:\/\/ticino-piese-auto.ro\/?product=turnura-sfert-spate-stanga-range-rover-sport-2014-2022","title":{"rendered":"TURNUR\u0102 SFERT SPATE ST\u00c2NGA  RANGE ROVER SPORT 2014-2022"},"content":{"rendered":"<p>TURNUR\u0102 SFERT SPATE ST\u00c2NGA RANGE ROVER SPORT 2014-2022<\/p>\n<p>Cod produs DK62-29149-AH<\/p>\n<p>Produs nou<\/p>\n","protected":false},"excerpt":{"rendered":"<p>TURNUR\u0102 SFERT SPATE ST\u00c2NGA RANGE ROVER SPORT 2014-2022 Cod produs DK62-29149-AH Produs nou<\/p>\n","protected":false},"featured_media":13268,"template":"","meta":[],"product_cat":[15],"product_tag":[],"class_list":{"0":"post-13266","1":"product","2":"type-product","3":"status-publish","4":"has-post-thumbnail","6":"product_brand-range-rover","7":"product_cat-uncategorized","9":"first","10":"instock","11":"sale","12":"sold-individually","13":"taxable","14":"shipping-taxable","15":"purchasable","16":"product-type-simple"},"_links":{"self":[{"href":"https:\/\/ticino-piese-auto.ro\/index.php?rest_route=\/wp\/v2\/product\/13266","targetHints":{"allow":["GET"]}}],"collection":[{"href":"https:\/\/ticino-piese-auto.ro\/index.php?rest_route=\/wp\/v2\/product"}],"about":[{"href":"https:\/\/ticino-piese-auto.ro\/index.php?rest_route=\/wp\/v2\/types\/product"}],"wp:featuredmedia":[{"embeddable":true,"href":"https:\/\/ticino-piese-auto.ro\/index.php?rest_route=\/wp\/v2\/media\/13268"}],"wp:attachment":[{"href":"https:\/\/ticino-piese-auto.ro\/index.php?rest_route=%2Fwp%2Fv2%2Fmedia&parent=13266"}],"wp:term":[{"taxonomy":"product_cat","embeddable":true,"href":"https:\/\/ticino-piese-auto.ro\/index.php?rest_route=%2Fwp%2Fv2%2Fproduct_cat&post=13266"},{"taxonomy":"product_tag","embeddable":true,"href":"https:\/\/ticino-piese-auto.ro\/index.php?rest_route=%2Fwp%2Fv2%2Fproduct_tag&post=13266"}],"curies":[{"name":"wp","href":"https:\/\/api.w.org\/{rel}","templated":true}]}}