{"id":13189,"date":"2025-02-12T11:02:49","date_gmt":"2025-02-12T08:02:49","guid":{"rendered":"https:\/\/ticino-piese-auto.ro\/?post_type=product&#038;p=13189"},"modified":"2025-04-23T14:33:28","modified_gmt":"2025-04-23T11:33:28","slug":"grila-inferioara-stanga-mercedes-benz-c-w205","status":"publish","type":"product","link":"https:\/\/ticino-piese-auto.ro\/?product=grila-inferioara-stanga-mercedes-benz-c-w205","title":{"rendered":"GRIL\u0102 INFERIOAR\u0102 ST\u00c2NGA MERCEDES-BENZ C W205"},"content":{"rendered":"<p>GRIL\u0102 INFERIOAR\u0102 ST\u00c2NGA MERCEDES-BENZ C W205<\/p>\n<p>Cod produs A2058857402<\/p>\n<p>Produs original<\/p>\n","protected":false},"excerpt":{"rendered":"<p>GRIL\u0102 INFERIOAR\u0102 ST\u00c2NGA MERCEDES-BENZ C W205 Cod produs A2058857402 Produs original<\/p>\n","protected":false},"featured_media":13191,"template":"","meta":[],"product_cat":[205],"product_tag":[],"class_list":{"0":"post-13189","1":"product","2":"type-product","3":"status-publish","4":"has-post-thumbnail","6":"product_brand-mercedes-2","7":"product_cat-grilaj-bara-fata","9":"first","10":"instock","11":"sale","12":"sold-individually","13":"taxable","14":"shipping-taxable","15":"purchasable","16":"product-type-simple"},"_links":{"self":[{"href":"https:\/\/ticino-piese-auto.ro\/index.php?rest_route=\/wp\/v2\/product\/13189","targetHints":{"allow":["GET"]}}],"collection":[{"href":"https:\/\/ticino-piese-auto.ro\/index.php?rest_route=\/wp\/v2\/product"}],"about":[{"href":"https:\/\/ticino-piese-auto.ro\/index.php?rest_route=\/wp\/v2\/types\/product"}],"wp:featuredmedia":[{"embeddable":true,"href":"https:\/\/ticino-piese-auto.ro\/index.php?rest_route=\/wp\/v2\/media\/13191"}],"wp:attachment":[{"href":"https:\/\/ticino-piese-auto.ro\/index.php?rest_route=%2Fwp%2Fv2%2Fmedia&parent=13189"}],"wp:term":[{"taxonomy":"product_cat","embeddable":true,"href":"https:\/\/ticino-piese-auto.ro\/index.php?rest_route=%2Fwp%2Fv2%2Fproduct_cat&post=13189"},{"taxonomy":"product_tag","embeddable":true,"href":"https:\/\/ticino-piese-auto.ro\/index.php?rest_route=%2Fwp%2Fv2%2Fproduct_tag&post=13189"}],"curies":[{"name":"wp","href":"https:\/\/api.w.org\/{rel}","templated":true}]}}