{"id":13170,"date":"2025-02-11T17:11:56","date_gmt":"2025-02-11T14:11:56","guid":{"rendered":"https:\/\/ticino-piese-auto.ro\/?post_type=product&#038;p=13170"},"modified":"2025-04-23T14:33:26","modified_gmt":"2025-04-23T11:33:26","slug":"grila-bara-de-protectie-stanga-bmw-g05-x5-m-sport","status":"publish","type":"product","link":"https:\/\/ticino-piese-auto.ro\/?product=grila-bara-de-protectie-stanga-bmw-g05-x5-m-sport","title":{"rendered":"Gril\u0103 bar\u0103 de protec\u021bie st\u00e2nga  BMW G05 X5 M Sport"},"content":{"rendered":"<p>Gril\u0103 bar\u0103 de protec\u021bie st\u00e2nga BMW G05 X5 M Sport<\/p>\n<p>Cod produs 51118092687<\/p>\n<p>Produs nou original<\/p>\n","protected":false},"excerpt":{"rendered":"<p>Gril\u0103 bar\u0103 de protec\u021bie st\u00e2nga BMW G05 X5 M Sport Cod produs 51118092687 Produs nou original<\/p>\n","protected":false},"featured_media":13171,"template":"","meta":[],"product_cat":[205],"product_tag":[],"class_list":{"0":"post-13170","1":"product","2":"type-product","3":"status-publish","4":"has-post-thumbnail","6":"product_brand-bmw","7":"product_cat-grilaj-bara-fata","9":"first","10":"instock","11":"sale","12":"sold-individually","13":"taxable","14":"shipping-taxable","15":"purchasable","16":"product-type-simple"},"_links":{"self":[{"href":"https:\/\/ticino-piese-auto.ro\/index.php?rest_route=\/wp\/v2\/product\/13170","targetHints":{"allow":["GET"]}}],"collection":[{"href":"https:\/\/ticino-piese-auto.ro\/index.php?rest_route=\/wp\/v2\/product"}],"about":[{"href":"https:\/\/ticino-piese-auto.ro\/index.php?rest_route=\/wp\/v2\/types\/product"}],"wp:featuredmedia":[{"embeddable":true,"href":"https:\/\/ticino-piese-auto.ro\/index.php?rest_route=\/wp\/v2\/media\/13171"}],"wp:attachment":[{"href":"https:\/\/ticino-piese-auto.ro\/index.php?rest_route=%2Fwp%2Fv2%2Fmedia&parent=13170"}],"wp:term":[{"taxonomy":"product_cat","embeddable":true,"href":"https:\/\/ticino-piese-auto.ro\/index.php?rest_route=%2Fwp%2Fv2%2Fproduct_cat&post=13170"},{"taxonomy":"product_tag","embeddable":true,"href":"https:\/\/ticino-piese-auto.ro\/index.php?rest_route=%2Fwp%2Fv2%2Fproduct_tag&post=13170"}],"curies":[{"name":"wp","href":"https:\/\/api.w.org\/{rel}","templated":true}]}}