{"id":13031,"date":"2025-02-07T15:09:07","date_gmt":"2025-02-07T12:09:07","guid":{"rendered":"https:\/\/ticino-piese-auto.ro\/?post_type=product&#038;p=13031"},"modified":"2025-04-23T14:33:07","modified_gmt":"2025-04-23T11:33:07","slug":"banda-grila-fiat-ducato-2018","status":"publish","type":"product","link":"https:\/\/ticino-piese-auto.ro\/?product=banda-grila-fiat-ducato-2018","title":{"rendered":"Band\u0103 gril\u0103 Fiat Ducato 2018"},"content":{"rendered":"<p>Band\u0103 gril\u0103 Fiat Ducato 2018<\/p>\n<p>Cod produs 1376671080<\/p>\n<p>Produs nou original<\/p>\n","protected":false},"excerpt":{"rendered":"<p>Band\u0103 gril\u0103 Fiat Ducato 2018 Cod produs 1376671080 Produs nou original<\/p>\n","protected":false},"featured_media":13034,"template":"","meta":[],"product_cat":[204],"product_tag":[],"class_list":{"0":"post-13031","1":"product","2":"type-product","3":"status-publish","4":"has-post-thumbnail","6":"product_brand-fiat","7":"product_cat-bara-fata","9":"first","10":"instock","11":"sale","12":"sold-individually","13":"taxable","14":"shipping-taxable","15":"purchasable","16":"product-type-simple"},"_links":{"self":[{"href":"https:\/\/ticino-piese-auto.ro\/index.php?rest_route=\/wp\/v2\/product\/13031","targetHints":{"allow":["GET"]}}],"collection":[{"href":"https:\/\/ticino-piese-auto.ro\/index.php?rest_route=\/wp\/v2\/product"}],"about":[{"href":"https:\/\/ticino-piese-auto.ro\/index.php?rest_route=\/wp\/v2\/types\/product"}],"wp:featuredmedia":[{"embeddable":true,"href":"https:\/\/ticino-piese-auto.ro\/index.php?rest_route=\/wp\/v2\/media\/13034"}],"wp:attachment":[{"href":"https:\/\/ticino-piese-auto.ro\/index.php?rest_route=%2Fwp%2Fv2%2Fmedia&parent=13031"}],"wp:term":[{"taxonomy":"product_cat","embeddable":true,"href":"https:\/\/ticino-piese-auto.ro\/index.php?rest_route=%2Fwp%2Fv2%2Fproduct_cat&post=13031"},{"taxonomy":"product_tag","embeddable":true,"href":"https:\/\/ticino-piese-auto.ro\/index.php?rest_route=%2Fwp%2Fv2%2Fproduct_tag&post=13031"}],"curies":[{"name":"wp","href":"https:\/\/api.w.org\/{rel}","templated":true}]}}