{"id":13008,"date":"2025-02-07T11:46:54","date_gmt":"2025-02-07T08:46:54","guid":{"rendered":"https:\/\/ticino-piese-auto.ro\/?post_type=product&#038;p=13008"},"modified":"2025-04-23T14:33:05","modified_gmt":"2025-04-23T11:33:05","slug":"grila-frontala-jeep-renegade-2015-2018-cod-produs-735589347","status":"publish","type":"product","link":"https:\/\/ticino-piese-auto.ro\/?product=grila-frontala-jeep-renegade-2015-2018-cod-produs-735589347","title":{"rendered":"GRIL\u0102 FRONTAL\u0102 JEEP RENEGADE 2015-2018 Cod produs 735589347"},"content":{"rendered":"<p>GRIL\u0102 FRONTAL\u0102 JEEP RENEGADE 2015-2018<\/p>\n<p>Cod produs 735589347<\/p>\n<p>Produs original<\/p>\n","protected":false},"excerpt":{"rendered":"<p>GRIL\u0102 FRONTAL\u0102 JEEP RENEGADE 2015-2018 Cod produs 735589347 Produs original<\/p>\n","protected":false},"featured_media":13010,"template":"","meta":[],"product_cat":[204],"product_tag":[],"class_list":{"0":"post-13008","1":"product","2":"type-product","3":"status-publish","4":"has-post-thumbnail","6":"product_brand-jeep","7":"product_cat-bara-fata","9":"first","10":"instock","11":"sale","12":"sold-individually","13":"taxable","14":"shipping-taxable","15":"purchasable","16":"product-type-simple"},"_links":{"self":[{"href":"https:\/\/ticino-piese-auto.ro\/index.php?rest_route=\/wp\/v2\/product\/13008","targetHints":{"allow":["GET"]}}],"collection":[{"href":"https:\/\/ticino-piese-auto.ro\/index.php?rest_route=\/wp\/v2\/product"}],"about":[{"href":"https:\/\/ticino-piese-auto.ro\/index.php?rest_route=\/wp\/v2\/types\/product"}],"wp:featuredmedia":[{"embeddable":true,"href":"https:\/\/ticino-piese-auto.ro\/index.php?rest_route=\/wp\/v2\/media\/13010"}],"wp:attachment":[{"href":"https:\/\/ticino-piese-auto.ro\/index.php?rest_route=%2Fwp%2Fv2%2Fmedia&parent=13008"}],"wp:term":[{"taxonomy":"product_cat","embeddable":true,"href":"https:\/\/ticino-piese-auto.ro\/index.php?rest_route=%2Fwp%2Fv2%2Fproduct_cat&post=13008"},{"taxonomy":"product_tag","embeddable":true,"href":"https:\/\/ticino-piese-auto.ro\/index.php?rest_route=%2Fwp%2Fv2%2Fproduct_tag&post=13008"}],"curies":[{"name":"wp","href":"https:\/\/api.w.org\/{rel}","templated":true}]}}