{"id":12675,"date":"2025-01-30T10:21:17","date_gmt":"2025-01-30T07:21:17","guid":{"rendered":"https:\/\/ticino-piese-auto.ro\/?post_type=product&#038;p=12675"},"modified":"2025-04-23T14:32:31","modified_gmt":"2025-04-23T11:32:31","slug":"grila-centrala-ford-kuga-mk2-lift-2013-2017","status":"publish","type":"product","link":"https:\/\/ticino-piese-auto.ro\/?product=grila-centrala-ford-kuga-mk2-lift-2013-2017","title":{"rendered":"GRIL\u0102 CENTRAL\u0102 FORD KUGA MK2 LIFT 2013-2017"},"content":{"rendered":"<p>GRIL\u0102 CENTRAL\u0102 FORD KUGA MK2 LIFT 2013-2017<\/p>\n<p>Cod produs GV44-17F771-V<\/p>\n<p>Produs nou original<\/p>\n","protected":false},"excerpt":{"rendered":"<p>GRIL\u0102 CENTRAL\u0102 FORD KUGA MK2 LIFT 2013-2017 Cod produs GV44-17F771-V Produs nou original<\/p>\n","protected":false},"featured_media":12676,"template":"","meta":[],"product_cat":[204],"product_tag":[],"class_list":{"0":"post-12675","1":"product","2":"type-product","3":"status-publish","4":"has-post-thumbnail","6":"product_brand-ford","7":"product_cat-bara-fata","9":"first","10":"instock","11":"sale","12":"taxable","13":"shipping-taxable","14":"purchasable","15":"product-type-simple"},"_links":{"self":[{"href":"https:\/\/ticino-piese-auto.ro\/index.php?rest_route=\/wp\/v2\/product\/12675","targetHints":{"allow":["GET"]}}],"collection":[{"href":"https:\/\/ticino-piese-auto.ro\/index.php?rest_route=\/wp\/v2\/product"}],"about":[{"href":"https:\/\/ticino-piese-auto.ro\/index.php?rest_route=\/wp\/v2\/types\/product"}],"wp:featuredmedia":[{"embeddable":true,"href":"https:\/\/ticino-piese-auto.ro\/index.php?rest_route=\/wp\/v2\/media\/12676"}],"wp:attachment":[{"href":"https:\/\/ticino-piese-auto.ro\/index.php?rest_route=%2Fwp%2Fv2%2Fmedia&parent=12675"}],"wp:term":[{"taxonomy":"product_cat","embeddable":true,"href":"https:\/\/ticino-piese-auto.ro\/index.php?rest_route=%2Fwp%2Fv2%2Fproduct_cat&post=12675"},{"taxonomy":"product_tag","embeddable":true,"href":"https:\/\/ticino-piese-auto.ro\/index.php?rest_route=%2Fwp%2Fv2%2Fproduct_tag&post=12675"}],"curies":[{"name":"wp","href":"https:\/\/api.w.org\/{rel}","templated":true}]}}