{"id":81,"date":"2024-06-11T11:41:37","date_gmt":"2024-06-11T11:41:37","guid":{"rendered":"http:\/\/ticino-piese-auto.ro\/?page_id=81"},"modified":"2024-08-03T17:18:38","modified_gmt":"2024-08-03T14:18:38","slug":"termeni-si-conditii","status":"publish","type":"page","link":"https:\/\/ticino-piese-auto.ro\/?page_id=81","title":{"rendered":"Termeni \u0219i condi\u021bii"},"content":{"rendered":"<p><strong>INTRODUCERE<\/strong><\/p><p>Mul\u021bumim pentru interesul fa\u021b\u0103 de compania, site-ul \u0219i produsele pe care le comercializ\u0103m prin intermediul magazinului nostru online.<\/p><p>V\u0103 rug\u0103m s\u0103 citi\u021bi acest document cu aten\u021bie. Acest document (denumit \u00een continuare <em>\u201ePrezentul document\u201d, \u201eContractul\u201d<\/em> sau <em>\u201eTermenii \u0219i Condi\u021biile\u201d) <\/em>reprezint\u0103 condi\u021biile utiliz\u0103rii site-ului <a href=\"http:\/\/www.ticino-piese-auto.ro\">www.ticino-piese-auto.ro<\/a>, (denumit \u00een continuare \u201eSite-ul\u201d) \u0219i condi\u021biile plas\u0103rii de comenzi de produse prin intermediul site-ului, inclusiv condi\u021biile de livrare \u0219i de retur. Prin navigarea pe site-ul nostru sau prin plasarea unei comenzi sunte\u021bi de acord cu Termenii \u0219i Condi\u021biile descrise mai jos. Acest document reprezint\u0103 o conven\u021bie legal\u0103 &#8211; un contract \u00eentre dumneavoastr\u0103 \u0219i noi. V\u0103 rug\u0103m s\u0103 citi\u021bi \u0219i Politica noastr\u0103 de confiden\u021bialitate \u0219i Politica privind utilizarea modulelor cookie, \u00eenainte de a naviga pe site sau a plasa o comand\u0103. Dac\u0103 nu sunte\u021bi de acord cu ace\u0219ti Termeni sau cu Politicile indicate mai sus, v\u0103 rug\u0103m s\u0103 nu utiliza\u021bi site-ul.<\/p><p><strong>PREZENTUL CONTRACT. OBLIGATIVITATE. CONTACT<\/strong><\/p><p><em><u>Caracter obligatoriu.<\/u><\/em> \u00cen\u021belege\u021bi c\u0103 at\u00e2t prezentul contract, c\u00e2t \u0219i toate politicile la care acesta face referire (e.g., Politic\u0103 de confiden\u021bialitate, Politic\u0103 privind utilizarea modulelor cookie) au caracter obligatoriu fa\u021b\u0103 de dvs. Prin navigarea pe site-ul nostru sau prin plasarea unei comenzi, v\u0103 lua\u021bi angajamentul de a respecta prezentul contract \u0219i politicile indicate.<\/p><p><em><u>Modific\u0103ri \u0219i actualiz\u0103ri.<\/u><\/em> Ne rezerv\u0103m dreptul de a modifica oric\u00e2nd \u0219i f\u0103r\u0103 notificare prealabil\u0103 ace\u0219ti Termeni. Comenzii dumneavoastr\u0103 i se vor aplica termenii care sunt \u00een vigoare la momentul plas\u0103rii comenzii. Acces\u00e2nd site-ul nostru ve\u021bi g\u0103si cea mai recent\u0103 versiune a Termenilor.<\/p><p>Nu putem garanta faptul c\u0103 orice produse care au fost incluse la un moment dat pe site vor fi disponibile \u00een orice moment. Ne rezerv\u0103m dreptul de a \u00eenceta \u00een orice moment comercializarea unui produs.<\/p><p><em><u>Contact.<\/u><\/em> Dac\u0103 ave\u021bi \u00eentreb\u0103ri sau neclarit\u0103\u021bi, ne pute\u021bi contacta cu \u00eencredere la <a href=\"mailto:vanzari@ticino-piese-auto.ro\">vanzari@ticino-piese-auto.ro<\/a>, sau prin completarea formularului de contact \u0219i o s\u0103 v\u0103 r\u0103spundem \u00een cel mai scurt timp.<\/p><p><strong>CINE SUNTEM?<\/strong><\/p><p>Site-ul www.ticino-piese-auto.ro apar\u021bine PIESE AUTO EMANOEMI S.R.L., societate de na\u021bionalitate rom\u00e2n\u0103 cu sediul social \u00een Str. Movilei, Nr. 35, Sat Valea Seaca Com. Nicolae Balcescu, Bac\u0103u, \u00eenmatriculat\u0103 \u00een Registrul Comer\u021bului Bucure\u0219ti sub nr. J04\/483\/2024, av\u00e2nd codul 49797849, e-mail vanzari@ticino-piese-auto.ro.<\/p><p>Suntem o companie care ne ocup\u0103m cu v\u00e2nzarea online de piese si accesorii pentru autovehicule.<\/p><p><strong>DATELE DVS. CU CARACTER PERSONAL<\/strong><\/p><p>Site-ul prelucreaz\u0103 date cu caracter personal furnizate de dvs. sau colectate din alte surse. Ne-am luat angajamentul s\u0103 respect\u0103m legisla\u021bia na\u021bional\u0103 \u0219i european\u0103 privind protec\u021bia datelor cu caracter personal \u0219i libera circula\u021bie a acestor date.<\/p><p>Prin vizitarea \u0219i\/sau utilizarea site-ului, plasarea de comenzi sau prin interac\u021biunea cu noi prin orice metod\u0103 \u0219i\/sau orice mijloc de comunicare la distan\u021b\u0103, sunte\u021bi de acord cu prelucrarea datelor dvs. cu caracter personal.<\/p><p>Declara\u021bi, totodat\u0103, c\u0103 toate datele personale \u0219i informa\u021biile transmise c\u0103tre noi sunt corecte. \u00cen m\u0103sura \u00een care datele nu v\u0103 apar\u021bin, declara\u021bi c\u0103 a\u021bi ob\u021binut acordul scris \u0219i prealabil al persoanei vizate ale c\u0103rei date le transmite\u021bi c\u0103tre noi sau declara\u021bi c\u0103 transmite\u021bi datele \u00een baza altui temei legal conform Regulamentului (UE) nr. 679\/2016.<\/p><p>Este posibil s\u0103 colect\u0103m informa\u021bii prin module cookie sau alte tehnologii similare, precum adresa IP, detalii privind navigatorul sau dispozitivul utilizat. <\/p><p><strong>ELIGIBILITATE<\/strong><\/p><p>Pentru a putea plasa \u00een mod legal o comand\u0103 pe site-ul nostru trebuie <em>(1)<\/em> s\u0103 ave\u021bi peste 18 ani \u0219i\/sau capacitate deplin\u0103 de exerci\u021biu; <em>(2)<\/em> s\u0103 fi\u021bi de acord cu prezentul Contract; \u0219i <em>(3)<\/em> s\u0103 ne furniza\u021bi informa\u021bii de &nbsp;identitate \u0219i de contact reale, complete \u0219i actualizate.<\/p><p><em><u>V\u00e2nzarea c\u0103tre minori.<\/u><\/em> Site-ul nu vinde produse c\u0103tre minori. Dac\u0103 ave\u021bi sub 18 ani, v\u0103 rug\u0103m s\u0103 apela\u021bi la un p\u0103rinte\/tutore pentru a plasa comanda \u00een numele dvs. sau pentru a autoriza plasarea unei comenzi.<\/p><p><strong>REGULI PRIVIND UTILIZAREA SITE-ULUI<\/strong><\/p><p><em><u>Reguli.<\/u><\/em> Prin accesarea, vizitarea, plasarea unei comenzi sau desf\u0103\u0219urarea oric\u0103rei alte activit\u0103\u021bi pe site-ul nostru, promite\u021bi s\u0103 respecta\u021bi urm\u0103toarele reguli:<\/p><p>1. Ve\u021bi folosi acest site exclusiv pentru efectuarea comenzilor legitime sau pentru informare;<\/p><p>2. Nu ve\u021bi efectua nicio comand\u0103 fals\u0103 sau frauduloas\u0103, \u00een caz contrar ne rezerv\u0103m dreptul de a anula comanda \u0219i informa autorit\u0103\u021bile competente sau a ne adresa justi\u021biei pentru recuperarea oric\u0103ror prejudicii cauzate;<\/p><p>3. Ve\u021bi furniza informa\u021bii reale, exacte, complete \u0219i actualizate;<\/p><p>4. Ve\u021bi respecta drepturile de proprietate intelectual\u0103 cu privire la orice element reg\u0103sit pe acest site.<\/p><p>5. Nu ve\u021bi desf\u0103\u0219ura niciun fel de ac\u021biune care ar putea aduce orice fel de prejudiciu site-ului nostru, \u00een caz contrar ne rezerv\u0103m dreptul de a ne adresa justi\u021biei pentru recuperarea oric\u0103ror prejudicii cauzate.<\/p><p><em><u>Consecin\u021be.<\/u><\/em> Ne rezerv\u0103m dreptul de a bloca accesul oric\u0103rui utilizator care \u00eencalc\u0103 regulile de mai sus, de a anula comenzile, de a sesiza autorit\u0103\u021bile competente pentru tragerea la r\u0103spundere administrativ\u0103\/penal\u0103 a oric\u0103ror fapte antisociale \u0219i de a ne adresa justi\u021biei pentru recuperarea \u00een integralitate a oric\u0103ror prejudiciilor cauzate, prezente sau viitoare, inclusive beneficiile nerealizate \u0219i cheltuielile de judecat\u0103 (inclusiv onorariile avoca\u021bilor).<\/p><p><strong>\u00ceNCHEIEREA CONTRACTULUI<\/strong><\/p><p><em><u>Data \u00eencheierii contractului.<\/u><\/em> Contractul dintre dvs. \u0219i noi se \u00eencheie \u00een momentul \u00een care comanda dvs. va fi acceptat\u0103 \u00een mod expres de noi \u0219i ve\u021bi primi, \u00een acest sens, un e-mail \u00een care vom confirma livrarea.<\/p><p><em><u>Protec\u021bie.<\/u><\/em> \u00cen m\u0103sura \u00een care nu vom accepta comanda, dar dvs. v-au fost retrase sume de bani, vom proceda la rambursarea acestor sume \u00een cel mai scurt timp.<\/p><p><em><u>Decizia ne apar\u021bine.<\/u><\/em> Ne rezerv\u0103m dreptul de a decide, \u00een mod unilateral \u0219i f\u0103r\u0103 a preciza motivul, \u00eencheierea sau nu a unui contract de v\u00e2nzare. Nu vom avea nicio r\u0103spundere fa\u021b\u0103 de dvs. \u00een situa\u021bia \u00een care refuz\u0103m s\u0103 d\u0103m curs unei comenzi. Dreptul de proprietate asupra produselor se va transfera c\u0103tre dumneavoastr\u0103 numai dup\u0103 ce a\u021bi realizat plata tuturor sumelor datorate pentru produse, inclusiv a costurilor de livrare.<\/p><p><strong>DISPONIBILITATEA PRODUSELOR<\/strong><\/p><p>Nu putem garanta c\u0103 produsele care s-au g\u0103sit la un moment dat pe site vor fi disponibile \u00een orice moment pentru achizi\u021bionare. Nu vom avea nicio r\u0103spundere fa\u021b\u0103 dvs. \u00een situa\u021bia \u00een care un produs nu se mai reg\u0103se\u0219te pe site. De\u0219i vom \u00eencerca s\u0103 avem \u00een timp real pe site actualizare informa\u021biile privind disponibilitatea produselor, nu putem garanta faptul c\u0103 aceste informa\u021bii vor fi actualizate, \u00een orice moment. Toate comenzile vor depinde de existen\u021ba produselor \u00een stoc.&nbsp;<\/p><p><em><u>Garan\u021bii.<\/u><\/em> \u00cen m\u0103sura \u00een care produsele sunt indisponibile, dar dvs. a\u021bi plasat deja comanda, v\u0103 vom informa cu privire la indisponibilitatea acestor produse \u0219i v\u0103 vom recomanda produse similare, la valoare egal\u0103 sau apropiat\u0103 care pot fi comandate. \u00cen m\u0103sura \u00een care nu dori\u021bi s\u0103 comanda\u021bi produsele similare recomandate de noi, vom anula comanda, iar \u00een m\u0103sura \u00een care a\u021bi pl\u0103tit deja pre\u021bul produselor, vom proceda la returnarea sumelor de bani \u00een cel mai scurt timp.<\/p><p><strong>PRE\u021aUL PRODUSELOR. PLAT\u0102. LIVRARE<\/strong><\/p><p>Pre\u021bul produselor este afi\u0219at \u00een lei pe site \u0219i include taxa pe valoare ad\u0103ugat\u0103. \u00cen m\u0103sura \u00een care exist\u0103 o eroare cu privire la pre\u021bul afi\u0219at pe site, v\u0103 vom aduce la cuno\u0219tin\u021b\u0103 \u00een cel mai scurt timp, urm\u00e2nd s\u0103 v\u0103 return\u0103m suma de bani achitat\u0103 suplimentar sau s\u0103 v\u0103 solicit\u0103m o sum\u0103 de bani suplimentar\u0103. \u00cen m\u0103sura \u00een care noul pre\u021b nu este mul\u021bumitor pentru dvs., nu r\u0103spunde\u021bi la solicitarea noastr\u0103 sau nu v\u0103 putem contacta, v\u0103 vom anula comanda \u0219i v\u0103 vom rambursa c\u00e2t mai cur\u00e2nd posibil suma de bani achitat\u0103.<\/p><p>Pre\u021burile produselor vor putea fi actualizate\/modificare \u00een orice moment, iar aceast\u0103 actualizare\/modificare va \u00eenlocui orice pre\u021b anterior. Comenzii dvs. i se vor aplica pre\u021burile de la momentul plas\u0103rii efective a comenzii.<\/p><p>Plata produselor comandate se poate face astfel: \u00een numerar la livrare.<\/p><p>Taxele de transport sau de livrare nu sunt incluse \u00een pre\u021b, cu excep\u021bia anumitor oferte care vor fi aduse la cuno\u0219tin\u021ba dvs., dac\u0103 va fi cazul, prin intermediul site-ului. <\/p><p>\u00cen zilele de s\u00e2mb\u0103t\u0103 \u0219i duminic\u0103 nu se fac livr\u0103ri. Re\u021bine\u021bi faptul c\u0103, \u00een anumite situa\u021bii, mai ales \u00een perioada s\u0103rb\u0103torilor sau de Black Friday, timpul de livrare se poate prelungi, fapt ce poate rezulta din aglomerarea firmelor de curierat sau din alte motive independente nou\u0103. \u00cent\u00e2rzierea livr\u0103rii nu se va datora ac\u021biunilor sau&nbsp; inac\u021biunilor noastre, ci unui eveniment exterior nou\u0103, situa\u021bie \u00een care sunte\u021bi de acord s\u0103 nu solicita\u021bi atragerea r\u0103spunderii noastre \u00een nicio circumstan\u021b\u0103.<\/p><p><strong>FOR\u021aA MAJOR\u0102 \u0218I CAZUL FORTUIT<\/strong><\/p><p>Nu vom fi tra\u0219i la r\u0103spundere pentru niciun fel de \u00eent\u00e2rzieri sau nereu\u0219ite \u00een \u00eendeplinirea serviciilor noastre, dac\u0103 intervine un caz de for\u021b\u0103 major\u0103 sau un caz fortuit. For\u021ba major\u0103 include, dar nu se limiteaz\u0103 la schimb\u0103ri \u00een legi sau reglement\u0103ri, embargouri, r\u0103zboaie, acte teroriste, revolte, incendii, cutremure, accidente nucleare, inunda\u021bii, greve, epidemii, pandemii, condi\u021bii meteorologice \u0219i acte ale hackerilor sau furnizorilor de servicii de internet.<\/p><p><strong>DREPTUL DE RETRAGERE<\/strong><\/p><p>Potrivit OUG 34\/2014, dac\u0103 sunte\u021bi consumator (persoana fizic\u0103) ave\u021bi dreptul de v\u0103 retrage din contract, f\u0103r\u0103 vreun motiv anume, \u00een termen de 14 zile din ziua \u00een care dumneavoastr\u0103 sau o ter\u021b\u0103 parte mandatat\u0103 de dumneavoastr\u0103, alta dec\u00e2t transportatorul, a intrat \u00een posesia fizic\u0103 a produselor. Pentru mai multe informa\u021bii privind modalitatea de exercitare a dreptului de retragere, v\u0103 rug\u0103m s\u0103 consulta\u021bi site-ul nostru la sec\u021biunea Politica de retur [a se introduce hyperlink c\u0103tre Politica de retur].<\/p><p><strong>PROPRIETATEA INTELECTUAL\u0102<\/strong><\/p><p>\u00centregul con\u021binut al site-ului este proprietatea intelectual\u0103 a PIESE AUTO EMANOEMI S.R.L. Site-ul poate folosit de c\u0103tre ter\u021bi doar pentru informare \u0219i\/sau plasare de comenzi.<\/p><p>Utilizatorii site-ului nu au dreptul de a desc\u0103rca, modifica par\u021bial sau integral site-ul,&nbsp; reproduce par\u021bial \u0219i\/sau integral site-ul, copia, distribui, vinde sau exploata site-ul \u00een orice alt\u0103 manier\u0103 contrar\u0103 intereselor Societ\u0103\u021bii PIESE AUTO EMANOEMI S.R.L., indiferent dac\u0103 exist\u0103 sau nu un scop comercial.<\/p><p>Orice con\u021binut (incluz\u00e2nd, dar f\u0103r\u0103 a se limita la baze de date, elemente de grafic\u0103, m\u0103rci, con\u021binut juridic) sunt proprietatea intelectual\u0103 a PIESE AUTO EMANOEMI S.R.L. \u00centregul site este protejat de Legea nr. 8\/1996 privind drepturile de autor \u0219i drepturile conexe, iar pentru orice \u00eenc\u0103lcare a propriet\u0103\u021bii intelectuale, ne rezerv\u0103m dreptul de a sesiza instan\u021bele de judecat\u0103 competente pentru recuperarea integral\u0103 a prejudiciului, precum \u0219i de a depune o pl\u00e2ngere penal\u0103 la organele judiciare pentru tragerea la r\u0103spundere penal\u0103 a f\u0103ptuitorului.<\/p><p><strong>CLAUZE FINALE<\/strong><\/p><p>Ace\u0219ti Termeni constituie acordul integral dintre dumneavoastr\u0103 \u015fi noi \u00een ceea ce prive\u0219te obiectul oric\u0103rui Contract \u0219i \u00eenlocuie\u0219te orice alt acord, orice alt\u0103 \u00een\u021belegere anterioar\u0103 verbal\u0103 sau scris\u0103 dintre dumneavoastr\u0103 \u0219i noi.<\/p><p>Acest Contract are caracter obligatoriu. Nu pute\u021bi transfera, cesiona, greva sau \u00eenstr\u0103ina \u00een niciun alt mod acest Contract sau oricare dintre drepturile sau obliga\u021biile dumneavoastr\u0103 care decurg din acesta, f\u0103r\u0103 acordul nostru prealabil \u0219i scris. Noi putem transfera, cesiona, greva, subcontracta sau \u00eenstr\u0103ina \u00een orice alt mod un Contract sau oricare dintre drepturile sau obliga\u021biile noastre care decurg din Contract. &nbsp;<\/p><p>Prezentului Contract, precum \u0219i oric\u0103rei utiliz\u0103ri a site-ului li se vor aplica legea rom\u00e2n\u0103. Orice litigiu \u00eentre noi va fi supus spre solu\u021bionare instan\u021belor rom\u00e2ne.<\/p>","protected":false},"excerpt":{"rendered":"<p>INTRODUCERE Mul\u021bumim pentru interesul fa\u021b\u0103 de compania, site-ul \u0219i produsele pe care le comercializ\u0103m prin intermediul magazinului nostru online. V\u0103 rug\u0103m s\u0103 citi\u021bi acest document cu aten\u021bie. Acest document (denumit \u00een continuare \u201ePrezentul document\u201d, \u201eContractul\u201d sau \u201eTermenii \u0219i Condi\u021biile\u201d) reprezint\u0103 &hellip; <a href=\"https:\/\/ticino-piese-auto.ro\/?page_id=81\">Readmore<\/a><\/p>\n","protected":false},"author":1,"featured_media":0,"parent":0,"menu_order":0,"comment_status":"closed","ping_status":"closed","template":"","meta":{"footnotes":""},"class_list":["post-81","page","type-page","status-publish","hentry"],"_links":{"self":[{"href":"https:\/\/ticino-piese-auto.ro\/index.php?rest_route=\/wp\/v2\/pages\/81","targetHints":{"allow":["GET"]}}],"collection":[{"href":"https:\/\/ticino-piese-auto.ro\/index.php?rest_route=\/wp\/v2\/pages"}],"about":[{"href":"https:\/\/ticino-piese-auto.ro\/index.php?rest_route=\/wp\/v2\/types\/page"}],"author":[{"embeddable":true,"href":"https:\/\/ticino-piese-auto.ro\/index.php?rest_route=\/wp\/v2\/users\/1"}],"replies":[{"embeddable":true,"href":"https:\/\/ticino-piese-auto.ro\/index.php?rest_route=%2Fwp%2Fv2%2Fcomments&post=81"}],"version-history":[{"count":2,"href":"https:\/\/ticino-piese-auto.ro\/index.php?rest_route=\/wp\/v2\/pages\/81\/revisions"}],"predecessor-version":[{"id":8067,"href":"https:\/\/ticino-piese-auto.ro\/index.php?rest_route=\/wp\/v2\/pages\/81\/revisions\/8067"}],"wp:attachment":[{"href":"https:\/\/ticino-piese-auto.ro\/index.php?rest_route=%2Fwp%2Fv2%2Fmedia&parent=81"}],"curies":[{"name":"wp","href":"https:\/\/api.w.org\/{rel}","templated":true}]}}